{"id":115,"date":"2019-02-07T15:57:39","date_gmt":"2019-02-07T15:57:39","guid":{"rendered":"http:\/\/kinderarzt-sandhausen.de\/?page_id=115"},"modified":"2023-05-05T18:41:35","modified_gmt":"2023-05-05T18:41:35","slug":"im-notfall","status":"publish","type":"page","link":"http:\/\/kinderarzt-sandhausen.de\/?page_id=115","title":{"rendered":"Notfallkontakt"},"content":{"rendered":"\t\t<div data-elementor-type=\"wp-post\" data-elementor-id=\"115\" class=\"elementor elementor-115\">\n\t\t\t\t\t\t<section class=\"elementor-section elementor-top-section elementor-element elementor-element-1791900 elementor-section-boxed elementor-section-height-default elementor-section-height-default\" data-id=\"1791900\" data-element_type=\"section\" data-e-type=\"section\">\n\t\t\t\t\t\t<div class=\"elementor-container elementor-column-gap-default\">\n\t\t\t\t\t<div class=\"elementor-column elementor-col-100 elementor-top-column elementor-element elementor-element-0e22948\" data-id=\"0e22948\" data-element_type=\"column\" data-e-type=\"column\">\n\t\t\t<div class=\"elementor-widget-wrap elementor-element-populated\">\n\t\t\t\t\t\t<div class=\"elementor-element elementor-element-f9d7a52 elementor-widget elementor-widget-spacer\" data-id=\"f9d7a52\" data-element_type=\"widget\" data-e-type=\"widget\" data-widget_type=\"spacer.default\">\n\t\t\t\t<div class=\"elementor-widget-container\">\n\t\t\t\t\t\t\t<div class=\"elementor-spacer\">\n\t\t\t<div class=\"elementor-spacer-inner\"><\/div>\n\t\t<\/div>\n\t\t\t\t\t\t<\/div>\n\t\t\t\t<\/div>\n\t\t\t\t\t<\/div>\n\t\t<\/div>\n\t\t\t\t\t<\/div>\n\t\t<\/section>\n\t\t\t\t<section class=\"elementor-section elementor-top-section elementor-element elementor-element-150a36b elementor-section-boxed elementor-section-height-default elementor-section-height-default\" data-id=\"150a36b\" data-element_type=\"section\" data-e-type=\"section\">\n\t\t\t\t\t\t<div class=\"elementor-container elementor-column-gap-default\">\n\t\t\t\t\t<div class=\"elementor-column elementor-col-100 elementor-top-column elementor-element elementor-element-0bcf601\" data-id=\"0bcf601\" data-element_type=\"column\" data-e-type=\"column\">\n\t\t\t<div class=\"elementor-widget-wrap elementor-element-populated\">\n\t\t\t\t\t\t<div class=\"elementor-element elementor-element-d5c65ca elementor-widget elementor-widget-text-editor\" data-id=\"d5c65ca\" data-element_type=\"widget\" data-e-type=\"widget\" data-widget_type=\"text-editor.default\">\n\t\t\t\t<div class=\"elementor-widget-container\">\n\t\t\t\t\t\t\t\t\t<p>In dringenden kinder\u00e4rztlichen Fragen &#8211; <strong>ausserhalb der Sprechzeiten<\/strong> &#8211; <br>erfahren Sie \u00fcber die Praxistelefonnummer wie Sie uns erreichen k\u00f6nnen.<\/p>\n<p>Montag, Dienstag &amp; Donnerstag 19:00 &#8211; 22:00 Uhr, <br>Mittwoch &amp; Freitag 16:00 &#8211; 22:00 Uhr sowie <br>am Wochenende und an den Feiertagen 09:00 &#8211; 22:00 Uhr <br>wenden Sie sich bitte an den <strong>kinder\u00e4rztlichen Bereitschaftsdienst&nbsp;<\/strong><strong><span style=\"color: #666666;\"><span style=\"font-size: small;\"><b><span style=\"font-family: Arial, sans-serif;\">(Kindernotfallpraxis)&nbsp;<\/span><\/b><\/span><\/span><\/strong><\/p>\n<p><strong><span style=\"font-family: Arial, sans-serif;\">ACHTUNG: \u00c4nderung der Adresse ab Mitte April 2023 !! <\/span><\/strong><\/p>\n<p align=\"left\"><span style=\"font-family: Arial, sans-serif;\"><span style=\"color: #666666;\"><span style=\"font-size: small;\">in Heidelberg in de<\/span><\/span><span style=\"color: #666666;\"><span style=\"font-size: small;\">r <\/span><\/span><span style=\"color: #666666;\"><span style=\"font-size: small;\"><b>Kinderklinik des Universit\u00e4tsklinikum<\/b><\/span><\/span><b> <\/b><span style=\"color: #666666;\"><span style=\"font-size: small;\"><b>Heidelberg,&nbsp;<\/b><\/span><\/span><\/span><span style=\"color: #666666;\"><span style=\"font-family: Arial, sans-serif;\"><span style=\"font-size: small;\"><b>Im Neuenheimer Feld 430<\/b><\/span><\/span><\/span><span style=\"color: #666666;\"><span style=\"font-family: Arial, sans-serif;\"><span style=\"font-size: small;\"><b>.&nbsp;<\/b><\/span><\/span><\/span><span style=\"color: #666666;\"><span style=\"font-family: Arial, sans-serif;\"><span style=\"font-size: small;\"><br>Beratung <\/span><\/span><\/span><span style=\"color: #666666;\"><span style=\"font-family: Arial, sans-serif;\"><span style=\"font-size: small;\">unver\u00e4ndert unter&nbsp;<\/span><\/span><\/span><span style=\"color: #666666;\"><span style=\"font-family: Arial, sans-serif;\"><span style=\"font-size: small;\">Tel. 116117.<\/span><\/span><\/span><\/p>\n<p>In lebensbedrohlichen Notf\u00e4llen erreichen <br>Sie den <strong>Rettungsdienst<\/strong> unter der Tel. 19222.<\/p>\n<p>Bei <strong>Vergiftungen<\/strong> wenden Sie sich an die<br>Vergiftungszentrale: <br>Freiburg Tel. 0761\/19240<br>Berlin Tel.030\/19240<\/p>\t\t\t\t\t\t\t\t<\/div>\n\t\t\t\t<\/div>\n\t\t\t\t\t<\/div>\n\t\t<\/div>\n\t\t\t\t\t<\/div>\n\t\t<\/section>\n\t\t\t\t<\/div>\n\t\t","protected":false},"excerpt":{"rendered":"<p>In dringenden kinder\u00e4rztlichen Fragen &#8211; ausserhalb der Sprechzeiten &#8211; erfahren Sie \u00fcber die Praxistelefonnummer wie Sie uns erreichen k\u00f6nnen. Montag, Dienstag &amp; Donnerstag 19:00 &#8211; 22:00 Uhr, Mittwoch &amp; Freitag 16:00 &#8211; 22:00 Uhr sowie am Wochenende und an den Feiertagen 09:00 &#8211; 22:00 Uhr wenden Sie sich bitte an den kinder\u00e4rztlichen Bereitschaftsdienst&nbsp;(Kindernotfallpraxis)&nbsp; ACHTUNG: \u00c4nderung [&hellip;]<\/p>\n","protected":false},"author":1,"featured_media":0,"parent":0,"menu_order":0,"comment_status":"closed","ping_status":"closed","template":"","meta":{"ocean_post_layout":"","ocean_both_sidebars_style":"","ocean_both_sidebars_content_width":0,"ocean_both_sidebars_sidebars_width":0,"ocean_sidebar":"0","ocean_second_sidebar":"0","ocean_disable_margins":"enable","ocean_add_body_class":"","ocean_shortcode_before_top_bar":"","ocean_shortcode_after_top_bar":"","ocean_shortcode_before_header":"","ocean_shortcode_after_header":"","ocean_has_shortcode":"","ocean_shortcode_after_title":"","ocean_shortcode_before_footer_widgets":"","ocean_shortcode_after_footer_widgets":"","ocean_shortcode_before_footer_bottom":"","ocean_shortcode_after_footer_bottom":"","ocean_display_top_bar":"default","ocean_display_header":"default","ocean_header_style":"","ocean_center_header_left_menu":"0","ocean_custom_header_template":"0","ocean_custom_logo":0,"ocean_custom_retina_logo":0,"ocean_custom_logo_max_width":0,"ocean_custom_logo_tablet_max_width":0,"ocean_custom_logo_mobile_max_width":0,"ocean_custom_logo_max_height":0,"ocean_custom_logo_tablet_max_height":0,"ocean_custom_logo_mobile_max_height":0,"ocean_header_custom_menu":"0","ocean_menu_typo_font_family":"0","ocean_menu_typo_font_subset":"","ocean_menu_typo_font_size":0,"ocean_menu_typo_font_size_tablet":0,"ocean_menu_typo_font_size_mobile":0,"ocean_menu_typo_font_size_unit":"px","ocean_menu_typo_font_weight":"","ocean_menu_typo_font_weight_tablet":"","ocean_menu_typo_font_weight_mobile":"","ocean_menu_typo_transform":"","ocean_menu_typo_transform_tablet":"","ocean_menu_typo_transform_mobile":"","ocean_menu_typo_line_height":0,"ocean_menu_typo_line_height_tablet":0,"ocean_menu_typo_line_height_mobile":0,"ocean_menu_typo_line_height_unit":"","ocean_menu_typo_spacing":0,"ocean_menu_typo_spacing_tablet":0,"ocean_menu_typo_spacing_mobile":0,"ocean_menu_typo_spacing_unit":"","ocean_menu_link_color":"","ocean_menu_link_color_hover":"","ocean_menu_link_color_active":"","ocean_menu_link_background":"","ocean_menu_link_hover_background":"","ocean_menu_link_active_background":"","ocean_menu_social_links_bg":"","ocean_menu_social_hover_links_bg":"","ocean_menu_social_links_color":"","ocean_menu_social_hover_links_color":"","ocean_disable_title":"default","ocean_disable_heading":"default","ocean_post_title":"","ocean_post_subheading":"","ocean_post_title_style":"","ocean_post_title_background_color":"","ocean_post_title_background":0,"ocean_post_title_bg_image_position":"","ocean_post_title_bg_image_attachment":"","ocean_post_title_bg_image_repeat":"","ocean_post_title_bg_image_size":"","ocean_post_title_height":0,"ocean_post_title_bg_overlay":0.5,"ocean_post_title_bg_overlay_color":"","ocean_disable_breadcrumbs":"default","ocean_breadcrumbs_color":"","ocean_breadcrumbs_separator_color":"","ocean_breadcrumbs_links_color":"","ocean_breadcrumbs_links_hover_color":"","ocean_display_footer_widgets":"default","ocean_display_footer_bottom":"default","ocean_custom_footer_template":"0","footnotes":""},"class_list":["post-115","page","type-page","status-publish","hentry","entry"],"_links":{"self":[{"href":"http:\/\/kinderarzt-sandhausen.de\/index.php?rest_route=\/wp\/v2\/pages\/115","targetHints":{"allow":["GET"]}}],"collection":[{"href":"http:\/\/kinderarzt-sandhausen.de\/index.php?rest_route=\/wp\/v2\/pages"}],"about":[{"href":"http:\/\/kinderarzt-sandhausen.de\/index.php?rest_route=\/wp\/v2\/types\/page"}],"author":[{"embeddable":true,"href":"http:\/\/kinderarzt-sandhausen.de\/index.php?rest_route=\/wp\/v2\/users\/1"}],"replies":[{"embeddable":true,"href":"http:\/\/kinderarzt-sandhausen.de\/index.php?rest_route=%2Fwp%2Fv2%2Fcomments&post=115"}],"version-history":[{"count":20,"href":"http:\/\/kinderarzt-sandhausen.de\/index.php?rest_route=\/wp\/v2\/pages\/115\/revisions"}],"predecessor-version":[{"id":639,"href":"http:\/\/kinderarzt-sandhausen.de\/index.php?rest_route=\/wp\/v2\/pages\/115\/revisions\/639"}],"wp:attachment":[{"href":"http:\/\/kinderarzt-sandhausen.de\/index.php?rest_route=%2Fwp%2Fv2%2Fmedia&parent=115"}],"curies":[{"name":"wp","href":"https:\/\/api.w.org\/{rel}","templated":true}]}}